{"id":136,"date":"2024-05-26T18:35:56","date_gmt":"2024-05-26T18:35:56","guid":{"rendered":"http:\/\/macbook-pro.local\/ict\/home-2\/"},"modified":"2025-03-20T15:58:11","modified_gmt":"2025-03-20T15:58:11","slug":"home","status":"publish","type":"page","link":"https:\/\/ictconsult.com.br\/es\/","title":{"rendered":"Home"},"content":{"rendered":"","protected":false},"excerpt":{"rendered":"","protected":false},"author":1,"featured_media":0,"parent":0,"menu_order":0,"comment_status":"closed","ping_status":"closed","template":"","meta":{"_acf_changed":false,"inline_featured_image":false,"footnotes":""},"class_list":["post-136","page","type-page","status-publish","hentry"],"acf":{"banner":[{"texto":"<h3>vocaci\u00f3n para la innovaci\u00f3n<\/h3>\r\n<h2>Tecnolog\u00eda innovadora\r\nsuperando resultados<\/h2>","texto_do_botao_1":"Conoce a la ICT","link_do_botao_1":"https:\/\/ictconsult.com.br\/es\/quem-somos\/","texto_do_botao_2":"","link_do_botao_2":"","imagem_do_banner":335},{"texto":"<h3>productividad y rendimiento<\/h3>\r\n<h2>Las mejores soluciones\r\npara la automatizaci\u00f3n<\/h2>","texto_do_botao_1":"Conoce nuestros servicios","link_do_botao_1":"https:\/\/ictconsult.com.br\/es\/servicos\/","texto_do_botao_2":"","link_do_botao_2":"","imagem_do_banner":335},{"texto":"","texto_do_botao_1":"","link_do_botao_1":"","texto_do_botao_2":"","link_do_botao_2":"","imagem_do_banner":335}],"texto_quem":"<h3>Qui\u00e9nes somos<\/h3>\r\n<h2>Una empresa que\r\n<strong>respira innovaci\u00f3n<\/strong><\/h2>\r\nNuestra experiencia ha demostrado que, trabajando codo a codo con los clientes, <strong>nos convertimos en grandes facilitadores en sus proyectos de transformaci\u00f3n.<\/strong>","img_quem":50,"lista_box":[{"icone":659,"texto":"Mayor eficiencia","subtexto":"En la planificaci\u00f3n y entrega"},{"icone":662,"texto":"Valor","subtexto":"Expectativa, calidad y resultados"},{"icone":665,"texto":"Agilidad","subtexto":"Inteligencia en instrumentalizar"},{"icone":668,"texto":"Desempe\u00f1o 95% o +","subtexto":"Tasa de conversi\u00f3n automatizada"}],"texto_do_botao_final":"M\u00e1s sobre la ICT","link_final_quem":"https:\/\/ictconsult.com.br\/es\/quem-somos\/","intro":"<h3>Eficiencia en automatizaci\u00f3n<\/h3>\r\n<h2>C\u00f3mo colaboramos\r\ncon la <strong>TI de su empresa<\/strong><\/h2>","texto_efi":"A trav\u00e9s de la comprensi\u00f3n de sus necesidades, ofrecemos servicios de alta calidad, soluciones l\u00edderes en el mercado y que mejor abordan sus desaf\u00edos.","itens_efi":[{"titulo_1":"<h4>Automic\r\nAutomation<\/h4>","titulo_2":"<h4>Intelligent\r\nService\r\nManagement<\/h4>","texto_1":"Somos reconocidos mundialmente en el reemplazo de soluciones de automatizaci\u00f3n para las soluciones CA\/Broadcom.","texto_2":"La ICT Consult es uno de los socios mundiales de ServiceAide, actuamos como revendedores de sus soluciones.","imagem":81,"imagem_mobile":321,"icone":84,"texto_da_barra":"Reconocimiento mundial en CA\/Broadcom"},{"titulo_1":"<h4>ICT\r\nInsights<\/h4>","titulo_2":"<h4>Proyectos de\r\nAutomatizaci\u00f3n<\/h4>","texto_1":"Una nueva y poderosa manera de comprender su universo de automatizaci\u00f3n.","texto_2":"Pioneros en automatizaci\u00f3n, ofrecemos servicios completos para todas las fases de proyectos de alta criticidad.","imagem":686,"imagem_mobile":681,"icone":691,"texto_da_barra":"Equipo de especialistas altamente capacitados"}],"texto_do_botao_finalEfi":"Conozca nuestras soluciones","link_do_botao_finalEfi":"https:\/\/ictconsult.com.br\/es\/produtos-e-solucoes\/","tituloServ":"<h3>Nuestros servicios<\/h3>\r\n<h2>M\u00e1s que <strong>especialistas<\/strong>\r\n<strong>en automatizaci\u00f3n<\/strong><\/h2>","texto_introServ":"Conozca los servicios de ICT que aumentar\u00e1n de manera eficiente el rendimiento del software de su empresa.","texto_do_link_de_servicos":"Ver todos los servicios","link_para_servicos":"https:\/\/ictconsult.com.br\/es\/servicos\/","texto_intro_trabalho":"<h3>casos de \u00e9xito<\/h3>\r\n<h2>Nuestros trabajos\r\nhablan por s\u00ed mismos<\/h2>","texto_do_botao_para_case":"Ver todos los casos","link_para_case":"https:\/\/ictconsult.com.br\/es\/cases-de-sucesso\/","titulo_blog":"<h3>conoce el Blog ICT<\/h3>\r\n<h2>Mantente al tanto<\/h2>","texto_blog":"Accede al Blog de ICT Consult y mantente al tanto de todas nuestras novedades."},"yoast_head":"<!-- This site is optimized with the Yoast SEO plugin v27.3 - https:\/\/yoast.com\/product\/yoast-seo-wordpress\/ -->\n<title>ICT Consult | Especialista en Automatizaci\u00f3n de Procesos e ITSM<\/title>\n<meta name=\"description\" content=\"L\u00edderes en soluciones de Automatizaci\u00f3n de Workload y ITSM, especializados en CA\/Broadcom y en asociaci\u00f3n con ServiceAide.\" \/>\n<meta name=\"robots\" content=\"index, follow, max-snippet:-1, max-image-preview:large, max-video-preview:-1\" \/>\n<link rel=\"canonical\" href=\"https:\/\/ictconsult.com.br\/es\/\" \/>\n<meta property=\"og:locale\" content=\"es_ES\" \/>\n<meta property=\"og:type\" content=\"article\" \/>\n<meta property=\"og:title\" content=\"ICT Consult | Especialista en Automatizaci\u00f3n de Procesos e ITSM\" \/>\n<meta property=\"og:description\" content=\"L\u00edderes en soluciones de Automatizaci\u00f3n de Workload y ITSM, especializados en CA\/Broadcom y en asociaci\u00f3n con ServiceAide.\" \/>\n<meta property=\"og:url\" content=\"https:\/\/ictconsult.com.br\/es\/\" \/>\n<meta property=\"og:site_name\" content=\"ICT Consult\" \/>\n<meta property=\"article:modified_time\" content=\"2025-03-20T15:58:11+00:00\" \/>\n<meta name=\"twitter:card\" content=\"summary_large_image\" \/>\n<script type=\"application\/ld+json\" class=\"yoast-schema-graph\">{\"@context\":\"https:\\\/\\\/schema.org\",\"@graph\":[{\"@type\":\"WebPage\",\"@id\":\"https:\\\/\\\/ictconsult.com.br\\\/es\\\/\",\"url\":\"https:\\\/\\\/ictconsult.com.br\\\/es\\\/\",\"name\":\"ICT Consult | Especialista en Automatizaci\u00f3n de Procesos e ITSM\",\"isPartOf\":{\"@id\":\"https:\\\/\\\/ictconsult.com.br\\\/#website\"},\"datePublished\":\"2024-05-26T18:35:56+00:00\",\"dateModified\":\"2025-03-20T15:58:11+00:00\",\"description\":\"L\u00edderes en soluciones de Automatizaci\u00f3n de Workload y ITSM, especializados en CA\\\/Broadcom y en asociaci\u00f3n con ServiceAide.\",\"breadcrumb\":{\"@id\":\"https:\\\/\\\/ictconsult.com.br\\\/es\\\/#breadcrumb\"},\"inLanguage\":\"es-ES\",\"potentialAction\":[{\"@type\":\"ReadAction\",\"target\":[\"https:\\\/\\\/ictconsult.com.br\\\/es\\\/\"]}]},{\"@type\":\"BreadcrumbList\",\"@id\":\"https:\\\/\\\/ictconsult.com.br\\\/es\\\/#breadcrumb\",\"itemListElement\":[{\"@type\":\"ListItem\",\"position\":1,\"name\":\"In\u00edcio\",\"item\":\"https:\\\/\\\/ictconsult.com.br\\\/es\\\/\"},{\"@type\":\"ListItem\",\"position\":2,\"name\":\"Home\"}]},{\"@type\":\"WebSite\",\"@id\":\"https:\\\/\\\/ictconsult.com.br\\\/#website\",\"url\":\"https:\\\/\\\/ictconsult.com.br\\\/\",\"name\":\"ICT Consult\",\"description\":\"\",\"publisher\":{\"@id\":\"https:\\\/\\\/ictconsult.com.br\\\/#organization\"},\"potentialAction\":[{\"@type\":\"SearchAction\",\"target\":{\"@type\":\"EntryPoint\",\"urlTemplate\":\"https:\\\/\\\/ictconsult.com.br\\\/?s={search_term_string}\"},\"query-input\":{\"@type\":\"PropertyValueSpecification\",\"valueRequired\":true,\"valueName\":\"search_term_string\"}}],\"inLanguage\":\"es-ES\"},{\"@type\":\"Organization\",\"@id\":\"https:\\\/\\\/ictconsult.com.br\\\/#organization\",\"name\":\"ICT Consult\",\"url\":\"https:\\\/\\\/ictconsult.com.br\\\/\",\"logo\":{\"@type\":\"ImageObject\",\"inLanguage\":\"es-ES\",\"@id\":\"https:\\\/\\\/ictconsult.com.br\\\/#\\\/schema\\\/logo\\\/image\\\/\",\"url\":\"https:\\\/\\\/ictconsult.com.br\\\/wp-content\\\/uploads\\\/2025\\\/03\\\/ict-consult-800x800-1.jpg\",\"contentUrl\":\"https:\\\/\\\/ictconsult.com.br\\\/wp-content\\\/uploads\\\/2025\\\/03\\\/ict-consult-800x800-1.jpg\",\"width\":800,\"height\":800,\"caption\":\"ICT Consult\"},\"image\":{\"@id\":\"https:\\\/\\\/ictconsult.com.br\\\/#\\\/schema\\\/logo\\\/image\\\/\"},\"sameAs\":[\"https:\\\/\\\/www.linkedin.com\\\/company\\\/ict-consultoria\\\/\"]}]}<\/script>\n<!-- \/ Yoast SEO plugin. -->","yoast_head_json":{"title":"ICT Consult | Especialista en Automatizaci\u00f3n de Procesos e ITSM","description":"L\u00edderes en soluciones de Automatizaci\u00f3n de Workload y ITSM, especializados en CA\/Broadcom y en asociaci\u00f3n con ServiceAide.","robots":{"index":"index","follow":"follow","max-snippet":"max-snippet:-1","max-image-preview":"max-image-preview:large","max-video-preview":"max-video-preview:-1"},"canonical":"https:\/\/ictconsult.com.br\/es\/","og_locale":"es_ES","og_type":"article","og_title":"ICT Consult | Especialista en Automatizaci\u00f3n de Procesos e ITSM","og_description":"L\u00edderes en soluciones de Automatizaci\u00f3n de Workload y ITSM, especializados en CA\/Broadcom y en asociaci\u00f3n con ServiceAide.","og_url":"https:\/\/ictconsult.com.br\/es\/","og_site_name":"ICT Consult","article_modified_time":"2025-03-20T15:58:11+00:00","twitter_card":"summary_large_image","schema":{"@context":"https:\/\/schema.org","@graph":[{"@type":"WebPage","@id":"https:\/\/ictconsult.com.br\/es\/","url":"https:\/\/ictconsult.com.br\/es\/","name":"ICT Consult | Especialista en Automatizaci\u00f3n de Procesos e ITSM","isPartOf":{"@id":"https:\/\/ictconsult.com.br\/#website"},"datePublished":"2024-05-26T18:35:56+00:00","dateModified":"2025-03-20T15:58:11+00:00","description":"L\u00edderes en soluciones de Automatizaci\u00f3n de Workload y ITSM, especializados en CA\/Broadcom y en asociaci\u00f3n con ServiceAide.","breadcrumb":{"@id":"https:\/\/ictconsult.com.br\/es\/#breadcrumb"},"inLanguage":"es-ES","potentialAction":[{"@type":"ReadAction","target":["https:\/\/ictconsult.com.br\/es\/"]}]},{"@type":"BreadcrumbList","@id":"https:\/\/ictconsult.com.br\/es\/#breadcrumb","itemListElement":[{"@type":"ListItem","position":1,"name":"In\u00edcio","item":"https:\/\/ictconsult.com.br\/es\/"},{"@type":"ListItem","position":2,"name":"Home"}]},{"@type":"WebSite","@id":"https:\/\/ictconsult.com.br\/#website","url":"https:\/\/ictconsult.com.br\/","name":"ICT Consult","description":"","publisher":{"@id":"https:\/\/ictconsult.com.br\/#organization"},"potentialAction":[{"@type":"SearchAction","target":{"@type":"EntryPoint","urlTemplate":"https:\/\/ictconsult.com.br\/?s={search_term_string}"},"query-input":{"@type":"PropertyValueSpecification","valueRequired":true,"valueName":"search_term_string"}}],"inLanguage":"es-ES"},{"@type":"Organization","@id":"https:\/\/ictconsult.com.br\/#organization","name":"ICT Consult","url":"https:\/\/ictconsult.com.br\/","logo":{"@type":"ImageObject","inLanguage":"es-ES","@id":"https:\/\/ictconsult.com.br\/#\/schema\/logo\/image\/","url":"https:\/\/ictconsult.com.br\/wp-content\/uploads\/2025\/03\/ict-consult-800x800-1.jpg","contentUrl":"https:\/\/ictconsult.com.br\/wp-content\/uploads\/2025\/03\/ict-consult-800x800-1.jpg","width":800,"height":800,"caption":"ICT Consult"},"image":{"@id":"https:\/\/ictconsult.com.br\/#\/schema\/logo\/image\/"},"sameAs":["https:\/\/www.linkedin.com\/company\/ict-consultoria\/"]}]}},"_links":{"self":[{"href":"https:\/\/ictconsult.com.br\/es\/wp-json\/wp\/v2\/pages\/136","targetHints":{"allow":["GET"]}}],"collection":[{"href":"https:\/\/ictconsult.com.br\/es\/wp-json\/wp\/v2\/pages"}],"about":[{"href":"https:\/\/ictconsult.com.br\/es\/wp-json\/wp\/v2\/types\/page"}],"author":[{"embeddable":true,"href":"https:\/\/ictconsult.com.br\/es\/wp-json\/wp\/v2\/users\/1"}],"replies":[{"embeddable":true,"href":"https:\/\/ictconsult.com.br\/es\/wp-json\/wp\/v2\/comments?post=136"}],"version-history":[{"count":0,"href":"https:\/\/ictconsult.com.br\/es\/wp-json\/wp\/v2\/pages\/136\/revisions"}],"wp:attachment":[{"href":"https:\/\/ictconsult.com.br\/es\/wp-json\/wp\/v2\/media?parent=136"}],"curies":[{"name":"wp","href":"https:\/\/api.w.org\/{rel}","templated":true}]}}